{"id":2,"date":"2025-07-29T01:07:38","date_gmt":"2025-07-29T01:07:38","guid":{"rendered":"http:\/\/jean-cyril-school.com\/?page_id=2"},"modified":"2025-11-25T16:39:48","modified_gmt":"2025-11-25T16:39:48","slug":"sample-page","status":"publish","type":"page","link":"https:\/\/jean-cyril-school.com\/en\/sample-page\/","title":{"rendered":"News"},"content":{"rendered":"<h2 class=\"wp-block-heading has-text-align-center\">After Teach to Teacher, Student to Student!<\/h2>\n\n\n\n<div class=\"wp-block-media-text alignwide is-stacked-on-mobile\"><figure class=\"wp-block-media-text__media\"><img loading=\"lazy\" decoding=\"async\" width=\"1024\" height=\"768\" src=\"https:\/\/jean-cyril-school.com\/wp-content\/uploads\/2025\/11\/20251115_171641-1024x768.jpg\" alt=\"\" class=\"wp-image-682 size-full\" srcset=\"https:\/\/jean-cyril-school.com\/wp-content\/uploads\/2025\/11\/20251115_171641-1024x768.jpg 1024w, https:\/\/jean-cyril-school.com\/wp-content\/uploads\/2025\/11\/20251115_171641-300x225.jpg 300w, https:\/\/jean-cyril-school.com\/wp-content\/uploads\/2025\/11\/20251115_171641-768x576.jpg 768w, https:\/\/jean-cyril-school.com\/wp-content\/uploads\/2025\/11\/20251115_171641-1536x1152.jpg 1536w, https:\/\/jean-cyril-school.com\/wp-content\/uploads\/2025\/11\/20251115_171641-2048x1536.jpg 2048w\" sizes=\"auto, (max-width: 1024px) 100vw, 1024px\" \/><\/figure><div class=\"wp-block-media-text__content\">\n<p>Some of our students, who are very busy during the week, have decided to create a study group that will meet every Saturday for two hours. Their goal is to practice their English together, without a teacher. They have called their group EFU, Education For Us.<\/p>\n\n\n\n<p>This week they all prepared a meal together for the school management in order to present the recipes and ingredients and take the opportunity to discuss the management of their group and the challenges they face.<\/p>\n<\/div><\/div>\n\n\n\n<p><\/p>\n\n\n\n<div class=\"wp-block-group alignfull has-global-padding is-layout-constrained wp-container-core-group-is-layout-d89aad35 wp-block-group-is-layout-constrained\" style=\"margin-top:0;margin-bottom:0;padding-top:var(--wp--preset--spacing--50);padding-right:var(--wp--preset--spacing--50);padding-bottom:var(--wp--preset--spacing--50);padding-left:var(--wp--preset--spacing--50)\">\n<h2 class=\"wp-block-heading has-text-align-center\">Summer 2025: Giving a Khmer voice to AI to reinvent education<\/h2>\n\n\n\n<div class=\"wp-block-group alignfull has-global-padding is-layout-constrained wp-container-core-group-is-layout-d89aad35 wp-block-group-is-layout-constrained\" style=\"margin-top:0;margin-bottom:0;padding-top:var(--wp--preset--spacing--50);padding-right:var(--wp--preset--spacing--50);padding-bottom:var(--wp--preset--spacing--50);padding-left:var(--wp--preset--spacing--50)\">\n<div class=\"wp-block-columns alignwide are-vertically-aligned-center is-layout-flex wp-container-core-columns-is-layout-47c06fe3 wp-block-columns-is-layout-flex\">\n<div class=\"wp-block-column is-vertically-aligned-center is-layout-flow wp-block-column-is-layout-flow\" style=\"flex-basis:50%\">\n<h3 class=\"wp-block-heading\">How in just a few months, ChatGPT became an educational ally in a remote area of \u200b\u200bCambodia.<\/h3>\n\n\n\n<ul style=\"line-height:1.75\" class=\"wp-block-list is-style-checkmark-list\">\n<li>Enabling teachers, even those not very comfortable with English, to create rich, differentiated, and challenging educational courses using AI<\/li>\n\n\n\n<li>Collaborating despite the language barrier<\/li>\n\n\n\n<li>Equipping teachers so that they can be self-reliant through the use of new computers.<\/li>\n<\/ul>\n<\/div>\n\n\n\n<div class=\"wp-block-column is-vertically-aligned-center is-layout-flow wp-block-column-is-layout-flow\" style=\"flex-basis:50%\">\n<figure class=\"wp-block-image size-full is-style-rounded is-style-rounded--1\"><img loading=\"lazy\" decoding=\"async\" width=\"1280\" height=\"865\" src=\"http:\/\/jean-cyril-school.com\/wp-content\/uploads\/2025\/08\/Image-06-08-2025-a-05.33.jpeg\" alt=\"\" class=\"wp-image-397\" style=\"aspect-ratio:4\/3;object-fit:cover\" srcset=\"https:\/\/jean-cyril-school.com\/wp-content\/uploads\/2025\/08\/Image-06-08-2025-a-05.33.jpeg 1280w, https:\/\/jean-cyril-school.com\/wp-content\/uploads\/2025\/08\/Image-06-08-2025-a-05.33-300x203.jpeg 300w, https:\/\/jean-cyril-school.com\/wp-content\/uploads\/2025\/08\/Image-06-08-2025-a-05.33-1024x692.jpeg 1024w, https:\/\/jean-cyril-school.com\/wp-content\/uploads\/2025\/08\/Image-06-08-2025-a-05.33-768x519.jpeg 768w\" sizes=\"auto, (max-width: 1280px) 100vw, 1280px\" \/><\/figure>\n<\/div>\n<\/div>\n<\/div>\n\n\n\n<div class=\"wp-block-group alignfull has-global-padding is-layout-constrained wp-container-core-group-is-layout-d89aad35 wp-block-group-is-layout-constrained\" style=\"margin-top:0;margin-bottom:0;padding-top:var(--wp--preset--spacing--50);padding-right:var(--wp--preset--spacing--50);padding-bottom:var(--wp--preset--spacing--50);padding-left:var(--wp--preset--spacing--50)\">\n<div class=\"wp-block-columns alignwide are-vertically-aligned-center is-layout-flex wp-container-core-columns-is-layout-47c06fe3 wp-block-columns-is-layout-flex\">\n<div class=\"wp-block-column is-vertically-aligned-center is-layout-flow wp-block-column-is-layout-flow\" style=\"flex-basis:50%\">\n<h2 class=\"wp-block-heading\">Summer 2025: school trip to the temples of Angkor, to discover our heritage<\/h2>\n\n\n\n<ul style=\"line-height:1.75\" class=\"wp-block-list is-style-checkmark-list\">\n<li>As part of their school curriculum, a group of high school students had the opportunity to participate in an exceptional educational trip to the heart of the temples of Angkor, a jewel of Cambodian and world heritage.<\/li>\n\n\n\n<li>Discover the wonders of Angkor Wat, Angkor Thom, Ta Prohm and other iconic sites guided by passionate experts in Khmer history and culture.<\/li>\n\n\n\n<li>This trip allowed the students to better understand the roots of their identity, the architectural ingenuity of their ancestors and the spiritual richness of this ancient civilization.<\/li>\n<\/ul>\n<\/div>\n\n\n\n<div class=\"wp-block-column is-vertically-aligned-center is-layout-flow wp-block-column-is-layout-flow\" style=\"flex-basis:50%\">\n<figure class=\"wp-block-image size-full is-style-rounded is-style-rounded--2\"><img loading=\"lazy\" decoding=\"async\" width=\"1920\" height=\"2560\" src=\"http:\/\/jean-cyril-school.com\/wp-content\/uploads\/2025\/08\/IMG_6778-scaled.jpg\" alt=\"\" class=\"wp-image-414\" style=\"aspect-ratio:4\/3;object-fit:cover\" srcset=\"https:\/\/jean-cyril-school.com\/wp-content\/uploads\/2025\/08\/IMG_6778-scaled.jpg 1920w, https:\/\/jean-cyril-school.com\/wp-content\/uploads\/2025\/08\/IMG_6778-225x300.jpg 225w, https:\/\/jean-cyril-school.com\/wp-content\/uploads\/2025\/08\/IMG_6778-768x1024.jpg 768w, https:\/\/jean-cyril-school.com\/wp-content\/uploads\/2025\/08\/IMG_6778-1152x1536.jpg 1152w, https:\/\/jean-cyril-school.com\/wp-content\/uploads\/2025\/08\/IMG_6778-1536x2048.jpg 1536w\" sizes=\"auto, (max-width: 1920px) 100vw, 1920px\" \/><\/figure>\n<\/div>\n<\/div>\n<\/div>\n<\/div>\n\n\n\n<div class=\"wp-block-group alignfull has-global-padding is-layout-constrained wp-container-core-group-is-layout-d89aad35 wp-block-group-is-layout-constrained\" style=\"margin-top:0;margin-bottom:0;padding-top:var(--wp--preset--spacing--50);padding-right:var(--wp--preset--spacing--50);padding-bottom:var(--wp--preset--spacing--50);padding-left:var(--wp--preset--spacing--50)\">\n<div class=\"wp-block-group alignwide has-global-padding is-layout-constrained wp-container-core-group-is-layout-19e250f3 wp-block-group-is-layout-constrained\">\n<div class=\"wp-block-group is-vertical is-content-justification-center is-layout-flex wp-container-core-group-is-layout-6329a8f3 wp-block-group-is-layout-flex\">\n<h2 class=\"wp-block-heading has-text-align-center is-style-asterisk\">Summer 2024 projects<\/h2>\n\n\n\n<p class=\"has-text-align-center\"><\/p>\n<\/div>\n\n\n\n<div style=\"height:var(--wp--preset--spacing--40)\" aria-hidden=\"true\" class=\"wp-block-spacer\"><\/div>\n\n\n\n<div class=\"wp-block-columns alignwide is-layout-flex wp-container-core-columns-is-layout-d1c656ed wp-block-columns-is-layout-flex\">\n<div class=\"wp-block-column is-vertically-aligned-center is-layout-flow wp-block-column-is-layout-flow\" style=\"flex-basis:40%\">\n<h3 class=\"wp-block-heading has-text-align-center is-style-asterisk\">Presentation and tasting of culinary recipes<\/h3>\n\n\n\n<ul style=\"line-height:1.75\" class=\"wp-block-list is-style-checkmark-list\">\n<li>The volunteers work in collaboration with the teachers.<\/li>\n\n\n\n<li>Involve as many students as possible, have them work in teams, teach them to speak in public, and let them taste the pleasure of success.<\/li>\n<\/ul>\n<\/div>\n\n\n\n<div class=\"wp-block-column is-layout-flow wp-block-column-is-layout-flow\" style=\"flex-basis:50%\">\n<figure class=\"wp-block-image size-full is-style-rounded is-style-rounded--3\"><img loading=\"lazy\" decoding=\"async\" width=\"692\" height=\"519\" src=\"http:\/\/jean-cyril-school.com\/wp-content\/uploads\/2025\/08\/20240924_094201-2-695x1024-2-edited.jpg\" alt=\"\" class=\"wp-image-402\" srcset=\"https:\/\/jean-cyril-school.com\/wp-content\/uploads\/2025\/08\/20240924_094201-2-695x1024-2-edited.jpg 692w, https:\/\/jean-cyril-school.com\/wp-content\/uploads\/2025\/08\/20240924_094201-2-695x1024-2-edited-300x225.jpg 300w\" sizes=\"auto, (max-width: 692px) 100vw, 692px\" \/><\/figure>\n<\/div>\n<\/div>\n\n\n\n<div style=\"height:var(--wp--preset--spacing--40)\" aria-hidden=\"true\" class=\"wp-block-spacer\"><\/div>\n\n\n\n<div class=\"wp-block-columns alignwide is-layout-flex wp-container-core-columns-is-layout-d1c656ed wp-block-columns-is-layout-flex\">\n<div class=\"wp-block-column is-layout-flow wp-block-column-is-layout-flow\" style=\"flex-basis:50%\">\n<figure class=\"wp-block-image size-full is-style-rounded is-style-rounded--4\"><img loading=\"lazy\" decoding=\"async\" width=\"768\" height=\"432\" src=\"http:\/\/jean-cyril-school.com\/wp-content\/uploads\/2025\/08\/20240728_105448-2-768x432-2.jpg\" alt=\"\" class=\"wp-image-329\" srcset=\"https:\/\/jean-cyril-school.com\/wp-content\/uploads\/2025\/08\/20240728_105448-2-768x432-2.jpg 768w, https:\/\/jean-cyril-school.com\/wp-content\/uploads\/2025\/08\/20240728_105448-2-768x432-2-300x169.jpg 300w\" sizes=\"auto, (max-width: 768px) 100vw, 768px\" \/><\/figure>\n<\/div>\n\n\n\n<div class=\"wp-block-column is-vertically-aligned-center is-layout-flow wp-block-column-is-layout-flow\" style=\"flex-basis:40%\">\n<h3 class=\"wp-block-heading has-text-align-center is-style-asterisk\">Study trip to Phnom Penh<\/h3>\n\n\n\n<ul style=\"line-height:1.75\" class=\"wp-block-list is-style-checkmark-list\">\n<li>A genuine bond has been established<\/li>\n\n\n\n<li>Addressing complex topics in Cambodian history<\/li>\n\n\n\n<li>Friendly and joyful shared moments<\/li>\n<\/ul>\n<\/div>\n<\/div>\n<\/div>\n<\/div>\n\n\n\n<div class=\"wp-block-group alignfull has-background is-layout-flow wp-block-group-is-layout-flow\" style=\"background-color:#f5eac1;padding-top:6vw;padding-right:6vw;padding-bottom:6vw;padding-left:6vw\">\n<div class=\"wp-block-group is-vertical is-nowrap is-layout-flex wp-container-core-group-is-layout-36fd9ea3 wp-block-group-is-layout-flex\" style=\"padding-right:0;padding-left:0\">\n<h6 class=\"wp-block-heading has-text-color\" id=\"ecosystem\" style=\"color:#000000;font-size:clamp(14px, 0.875rem + ((1vw - 3.2px) * 0.208), 16px);\"><\/h6>\n\n\n\n<p class=\"has-text-color\" style=\"color:#000000;font-size:6vw;font-style:normal;font-weight:700;letter-spacing:0px;line-height:0.9;text-decoration:none;text-transform:none\">Happy jar family<\/p>\n<\/div>\n\n\n\n<div style=\"height:1vw\" aria-hidden=\"true\" class=\"wp-block-spacer\"><\/div>\n\n\n\n<div class=\"wp-block-group alignwide is-vertical is-nowrap is-layout-flex wp-container-core-group-is-layout-7946b6b8 wp-block-group-is-layout-flex\" style=\"padding-top:0;padding-right:0;padding-bottom:0;padding-left:0\">\n<div class=\"wp-block-columns alignwide is-layout-flex wp-container-core-columns-is-layout-21b20327 wp-block-columns-is-layout-flex\">\n<div class=\"wp-block-column is-layout-flow wp-block-column-is-layout-flow\" style=\"flex-basis:33.38%\">\n<p class=\"has-text-color\" style=\"color:#000000;font-size:clamp(14px, 0.875rem + ((1vw - 3.2px) * 0.313), 17px);\">How can we raise students' awareness of waste collection and, above all, sorting?<\/p>\n\n\n\n<p class=\"has-text-color\" style=\"color:#000000;font-size:clamp(14px, 0.875rem + ((1vw - 3.2px) * 0.313), 17px);\">When the Art, History and Communication Team arrived at the school, a color-coded bin system had already been in place for several years. However, it became apparent that the habits of collecting and sorting waste had not yet been fully adopted by most students.<\/p>\n\n\n\n<p class=\"has-text-color\" style=\"color:#000000;font-size:clamp(14px, 0.875rem + ((1vw - 3.2px) * 0.313), 17px);\">Step 1, collect old water containers.<\/p>\n\n\n\n<p class=\"has-text-color\" style=\"color:#000000;font-size:clamp(14px, 0.875rem + ((1vw - 3.2px) * 0.313), 17px);\">Step 2, using recycled materials (plastic, rope, colored bottle caps\u2026) the students give the jerrycans a new life by making them a face, a personality and finally giving them a first name.<\/p>\n<\/div>\n\n\n\n<div class=\"wp-block-column is-layout-flow wp-block-column-is-layout-flow\" style=\"flex-basis:33%\">\n<div style=\"height:2vw\" aria-hidden=\"true\" class=\"wp-block-spacer\"><\/div>\n\n\n\n<figure class=\"wp-block-image size-full is-style-rounded is-style-rounded--5\"><img loading=\"lazy\" decoding=\"async\" width=\"768\" height=\"576\" src=\"https:\/\/jean-cyril-school.com\/wp-content\/uploads\/2025\/08\/IMG_20200202_150958-768x576-1.jpg\" alt=\"happy jar familyJean-Cyril School\" class=\"wp-image-354\" srcset=\"https:\/\/jean-cyril-school.com\/wp-content\/uploads\/2025\/08\/IMG_20200202_150958-768x576-1.jpg 768w, https:\/\/jean-cyril-school.com\/wp-content\/uploads\/2025\/08\/IMG_20200202_150958-768x576-1-300x225.jpg 300w\" sizes=\"auto, (max-width: 768px) 100vw, 768px\" \/><\/figure>\n<\/div>\n\n\n\n<div class=\"wp-block-column is-layout-flow wp-block-column-is-layout-flow\" style=\"flex-basis:33.62%\">\n<figure class=\"wp-block-image size-large is-style-rounded is-style-rounded--6\"><img loading=\"lazy\" decoding=\"async\" width=\"1024\" height=\"726\" src=\"http:\/\/jean-cyril-school.com\/wp-content\/uploads\/2025\/08\/IMG_20200126_161803-1-1024x726.jpg\" alt=\"\" class=\"wp-image-342\" srcset=\"https:\/\/jean-cyril-school.com\/wp-content\/uploads\/2025\/08\/IMG_20200126_161803-1-1024x726.jpg 1024w, https:\/\/jean-cyril-school.com\/wp-content\/uploads\/2025\/08\/IMG_20200126_161803-1-300x213.jpg 300w, https:\/\/jean-cyril-school.com\/wp-content\/uploads\/2025\/08\/IMG_20200126_161803-1-768x544.jpg 768w, https:\/\/jean-cyril-school.com\/wp-content\/uploads\/2025\/08\/IMG_20200126_161803-1.jpg 1500w\" sizes=\"auto, (max-width: 1024px) 100vw, 1024px\" \/><\/figure>\n<\/div>\n<\/div>\n\n\n\n<div class=\"wp-block-columns alignwide is-layout-flex wp-container-core-columns-is-layout-c24efe4f wp-block-columns-is-layout-flex\">\n<div class=\"wp-block-column is-layout-flow wp-block-column-is-layout-flow\" style=\"flex-basis:69%\">\n<figure class=\"wp-block-image size-full is-style-rounded is-style-rounded--7\"><img loading=\"lazy\" decoding=\"async\" width=\"768\" height=\"576\" src=\"http:\/\/jean-cyril-school.com\/wp-content\/uploads\/2025\/08\/IMG_20200202_150958-768x576-1.jpg\" alt=\"\" class=\"wp-image-354\" srcset=\"https:\/\/jean-cyril-school.com\/wp-content\/uploads\/2025\/08\/IMG_20200202_150958-768x576-1.jpg 768w, https:\/\/jean-cyril-school.com\/wp-content\/uploads\/2025\/08\/IMG_20200202_150958-768x576-1-300x225.jpg 300w\" sizes=\"auto, (max-width: 768px) 100vw, 768px\" \/><\/figure>\n<\/div>\n\n\n\n<div class=\"wp-block-column is-vertically-aligned-center is-layout-flow wp-block-column-is-layout-flow\" style=\"flex-basis:33%\">\n<div style=\"height:2vw\" aria-hidden=\"true\" class=\"wp-block-spacer\"><\/div>\n\n\n\n<p class=\"has-text-color\" style=\"color:#000000;font-size:clamp(14px, 0.875rem + ((1vw - 3.2px) * 0.313), 17px);\">Step 3: Equipped with their Happy Jars, the students set off in teams to hunt for litter around the school. \"You have 5 minutes to collect as much litter as possible! Remember to sort it into the correct bins.\" They can also choose to go for a walk around the school or near their homes, Happy Jars on their shoulders, to collect litter along the way.<\/p>\n\n\n\n<p class=\"has-text-color\" style=\"color:#000000;font-size:clamp(14px, 0.875rem + ((1vw - 3.2px) * 0.313), 17px);\">Step 4: The containers are installed in the school and made available to the students, along with a short user guide. The students can then go litter hunting whenever they want!<\/p>\n<\/div>\n<\/div>\n<\/div>\n<\/div>\n\n\n\n<div class=\"wp-block-group is-vertical is-content-justification-center is-layout-flex wp-container-core-group-is-layout-838cd1cc wp-block-group-is-layout-flex\" style=\"padding-top:var(--wp--preset--spacing--40);padding-bottom:var(--wp--preset--spacing--50)\"><div class=\"is-default-size wp-block-site-logo\"><a href=\"https:\/\/jean-cyril-school.com\/en\/\" class=\"custom-logo-link\" rel=\"home\"><img loading=\"lazy\" decoding=\"async\" width=\"1275\" height=\"1482\" src=\"https:\/\/jean-cyril-school.com\/wp-content\/uploads\/2025\/07\/Logo-jean-cyril-school.png\" class=\"custom-logo\" alt=\"Logo jean-cyril school\" srcset=\"https:\/\/jean-cyril-school.com\/wp-content\/uploads\/2025\/07\/Logo-jean-cyril-school.png 1275w, https:\/\/jean-cyril-school.com\/wp-content\/uploads\/2025\/07\/Logo-jean-cyril-school-258x300.png 258w, https:\/\/jean-cyril-school.com\/wp-content\/uploads\/2025\/07\/Logo-jean-cyril-school-881x1024.png 881w, https:\/\/jean-cyril-school.com\/wp-content\/uploads\/2025\/07\/Logo-jean-cyril-school-768x893.png 768w\" sizes=\"auto, (max-width: 1275px) 100vw, 1275px\" \/><\/a><\/div>\n\n\n<p class=\"has-text-align-center has-secondary-color has-text-color has-link-color has-small-font-size wp-elements-17f685f7c5ac1d76d2b8e24cdb5b8451\"><\/p>\n<\/div>\n\n\n\n<p><\/p>\n\n\n\n<p><\/p>\n\n\n\n<p><\/p>","protected":false},"excerpt":{"rendered":"<p>Apr\u00e8s le Teach to Teacher le Student to Student&nbsp;! Certains de nos \u00e9l\u00e8ves tr\u00e8s occup\u00e9s la semaine ont d\u00e9cid\u00e9 de cr\u00e9er un groupe de travail qui se r\u00e9unira tous les samedi pendant 2h. Leur objectif est de pratiquer entre \u00e9l\u00e8ves leur anglais, sans professeur. &nbsp;Ils ont appel\u00e9 leur groupe EFU, Education For Us. Cette semaine [&hellip;]<\/p>","protected":false},"author":1,"featured_media":0,"parent":0,"menu_order":0,"comment_status":"closed","ping_status":"open","template":"","meta":{"footnotes":""},"class_list":["post-2","page","type-page","status-publish","hentry"],"_links":{"self":[{"href":"https:\/\/jean-cyril-school.com\/en\/wp-json\/wp\/v2\/pages\/2","targetHints":{"allow":["GET"]}}],"collection":[{"href":"https:\/\/jean-cyril-school.com\/en\/wp-json\/wp\/v2\/pages"}],"about":[{"href":"https:\/\/jean-cyril-school.com\/en\/wp-json\/wp\/v2\/types\/page"}],"author":[{"embeddable":true,"href":"https:\/\/jean-cyril-school.com\/en\/wp-json\/wp\/v2\/users\/1"}],"replies":[{"embeddable":true,"href":"https:\/\/jean-cyril-school.com\/en\/wp-json\/wp\/v2\/comments?post=2"}],"version-history":[{"count":43,"href":"https:\/\/jean-cyril-school.com\/en\/wp-json\/wp\/v2\/pages\/2\/revisions"}],"predecessor-version":[{"id":763,"href":"https:\/\/jean-cyril-school.com\/en\/wp-json\/wp\/v2\/pages\/2\/revisions\/763"}],"wp:attachment":[{"href":"https:\/\/jean-cyril-school.com\/en\/wp-json\/wp\/v2\/media?parent=2"}],"curies":[{"name":"wp","href":"https:\/\/api.w.org\/{rel}","templated":true}]}}