{"id":3,"date":"2025-07-29T01:07:38","date_gmt":"2025-07-29T01:07:38","guid":{"rendered":"http:\/\/jean-cyril-school.com\/?page_id=3"},"modified":"2025-11-23T19:48:38","modified_gmt":"2025-11-23T19:48:38","slug":"privacy-policy","status":"publish","type":"page","link":"https:\/\/jean-cyril-school.com\/en\/privacy-policy\/","title":{"rendered":"Contact us"},"content":{"rendered":"<p class=\"has-text-align-center\"><\/p>\n\n\n\n<div class=\"wp-block-group alignfull has-accent-background-color has-background has-global-padding is-layout-constrained wp-container-core-group-is-layout-669513ed wp-block-group-is-layout-constrained\" style=\"margin-top:0;margin-bottom:0;padding-top:var(--wp--preset--spacing--50);padding-right:var(--wp--preset--spacing--50);padding-bottom:var(--wp--preset--spacing--50);padding-left:var(--wp--preset--spacing--50)\">\n<div class=\"wp-block-columns alignwide is-layout-flex wp-container-core-columns-is-layout-1da03c2a wp-block-columns-is-layout-flex\">\n<div class=\"wp-block-column is-vertically-aligned-stretch is-layout-flow wp-block-column-is-layout-flow\" style=\"flex-basis:50%\">\n<div class=\"wp-block-group is-vertical is-content-justification-stretch is-layout-flex wp-container-core-group-is-layout-444d5ee8 wp-block-group-is-layout-flex\" style=\"min-height:100%\">\n<p class=\"has-heading-font-family has-x-large-font-size\" style=\"line-height:1.2\">Write to us<\/p>\n\n\n\n<div class=\"wp-block-group has-global-padding is-content-justification-left is-layout-constrained wp-container-core-group-is-layout-9fe8ed88 wp-block-group-is-layout-constrained\">\n<p class=\"wp-container-content-0733e5d0\">Email from the school principal in Cambodia <strong>Yin Theany <\/strong><a href=\"mailto:kikicenterjean@yahoo.com\">kikicenterjean@yahoo.com<\/a><\/p>\n\n\n\n<p class=\"wp-container-content-0733e5d0\">Email de la directrice de l&rsquo;\u00e9cole en France<strong> Christine Lancrenon<\/strong> <a href=\"mailto:clancrenon@free.fr\">clancrenon@free.fr<\/a><\/p>\n\n\n\n<div class=\"wp-block-buttons is-layout-flex wp-block-buttons-is-layout-flex\"><\/div>\n<\/div>\n<\/div>\n<\/div>\n\n\n\n<div class=\"wp-block-column is-vertically-aligned-center is-layout-flow wp-block-column-is-layout-flow\" style=\"flex-basis:50%\">\n<div class=\"wp-block-media-text alignwide has-media-on-the-right is-stacked-on-mobile is-vertically-aligned-center\" style=\"grid-template-columns:auto 58%\"><div class=\"wp-block-media-text__content\">\n<p class=\"has-text-align-center\"><strong>Jean-Cyril School<\/strong><\/p>\n\n\n\n<p class=\"has-text-align-center\">Sampong Chay<\/p>\n\n\n\n<p class=\"has-text-align-center\">Kampong Cham Province<\/p>\n\n\n\n<p class=\"has-text-align-center\">Cambodia<\/p>\n<\/div><figure class=\"wp-block-media-text__media\"><img loading=\"lazy\" decoding=\"async\" width=\"1015\" height=\"1024\" src=\"http:\/\/jean-cyril-school.com\/wp-content\/uploads\/2025\/07\/Illustration_sans_titre-1-1015x1024.png\" alt=\"\" class=\"wp-image-155 size-full\" srcset=\"https:\/\/jean-cyril-school.com\/wp-content\/uploads\/2025\/07\/Illustration_sans_titre-1-1015x1024.png 1015w, https:\/\/jean-cyril-school.com\/wp-content\/uploads\/2025\/07\/Illustration_sans_titre-1-297x300.png 297w, https:\/\/jean-cyril-school.com\/wp-content\/uploads\/2025\/07\/Illustration_sans_titre-1-150x150.png 150w, https:\/\/jean-cyril-school.com\/wp-content\/uploads\/2025\/07\/Illustration_sans_titre-1-768x775.png 768w, https:\/\/jean-cyril-school.com\/wp-content\/uploads\/2025\/07\/Illustration_sans_titre-1-1522x1536.png 1522w, https:\/\/jean-cyril-school.com\/wp-content\/uploads\/2025\/07\/Illustration_sans_titre-1.png 1614w\" sizes=\"auto, (max-width: 1015px) 100vw, 1015px\" \/><\/figure><\/div>\n<\/div>\n<\/div>\n<\/div>\n\n\n\n<p class=\"has-text-align-center\"><\/p>\n\n\n\n<div style=\"padding:20px;text-align:center\" class=\"wp-block-tnp-minimal\"><p><strong>Sign up for our newsletter!<\/strong><\/p><div><div class=\"tnp tnp-subscription-minimal\"><form action=\"https:\/\/jean-cyril-school.com\/wp-admin\/admin-ajax.php?action=tnp&amp;na=s\" method=\"post\" style=\"text-align: center\"><input type=\"hidden\" name=\"nr\" value=\"minimal\">\n<input type=\"hidden\" name=\"nlang\" value=\"\">\n<input class=\"tnp-email\" type=\"email\" required name=\"ne\" value=\"\" placeholder=\"Email\"><input class=\"tnp-submit\" type=\"submit\" value=\"Subscribe\" style=\"\">\n<div class=\"tnp-field tnp-privacy-field\"><label><input type=\"checkbox\" name=\"ny\" required class=\"tnp-privacy\"> I accept the privacy policy<\/label><\/div><\/form><\/div>\n<\/div><\/div>\n\n\n\n<div class=\"wp-block-group is-vertical is-content-justification-center is-layout-flex wp-container-core-group-is-layout-838cd1cc wp-block-group-is-layout-flex\" style=\"padding-top:var(--wp--preset--spacing--40);padding-bottom:var(--wp--preset--spacing--50)\"><div class=\"is-default-size wp-block-site-logo\"><a href=\"https:\/\/jean-cyril-school.com\/en\/\" class=\"custom-logo-link\" rel=\"home\"><img loading=\"lazy\" decoding=\"async\" width=\"1275\" height=\"1482\" src=\"https:\/\/jean-cyril-school.com\/wp-content\/uploads\/2025\/07\/Logo-jean-cyril-school.png\" class=\"custom-logo\" alt=\"Logo jean-cyril school\" srcset=\"https:\/\/jean-cyril-school.com\/wp-content\/uploads\/2025\/07\/Logo-jean-cyril-school.png 1275w, https:\/\/jean-cyril-school.com\/wp-content\/uploads\/2025\/07\/Logo-jean-cyril-school-258x300.png 258w, https:\/\/jean-cyril-school.com\/wp-content\/uploads\/2025\/07\/Logo-jean-cyril-school-881x1024.png 881w, https:\/\/jean-cyril-school.com\/wp-content\/uploads\/2025\/07\/Logo-jean-cyril-school-768x893.png 768w\" sizes=\"auto, (max-width: 1275px) 100vw, 1275px\" \/><\/a><\/div>\n\n\n<p class=\"has-text-align-center has-secondary-color has-text-color has-link-color has-small-font-size wp-elements-17f685f7c5ac1d76d2b8e24cdb5b8451\"><\/p>\n<\/div>","protected":false},"excerpt":{"rendered":"<p>Nous \u00e9crire Email du directeur de l&rsquo;\u00e9cole au Cambodge Yin Theany kikicenterjean@yahoo.com Email de la directrice de l&rsquo;\u00e9cole en France Christine Lancrenon clancrenon@free.fr Jean-Cyril School Sampong Chay Province de Kampong Cham Cambodge<\/p>","protected":false},"author":1,"featured_media":0,"parent":0,"menu_order":0,"comment_status":"closed","ping_status":"open","template":"","meta":{"footnotes":""},"class_list":["post-3","page","type-page","status-publish","hentry"],"_links":{"self":[{"href":"https:\/\/jean-cyril-school.com\/en\/wp-json\/wp\/v2\/pages\/3","targetHints":{"allow":["GET"]}}],"collection":[{"href":"https:\/\/jean-cyril-school.com\/en\/wp-json\/wp\/v2\/pages"}],"about":[{"href":"https:\/\/jean-cyril-school.com\/en\/wp-json\/wp\/v2\/types\/page"}],"author":[{"embeddable":true,"href":"https:\/\/jean-cyril-school.com\/en\/wp-json\/wp\/v2\/users\/1"}],"replies":[{"embeddable":true,"href":"https:\/\/jean-cyril-school.com\/en\/wp-json\/wp\/v2\/comments?post=3"}],"version-history":[{"count":17,"href":"https:\/\/jean-cyril-school.com\/en\/wp-json\/wp\/v2\/pages\/3\/revisions"}],"predecessor-version":[{"id":747,"href":"https:\/\/jean-cyril-school.com\/en\/wp-json\/wp\/v2\/pages\/3\/revisions\/747"}],"wp:attachment":[{"href":"https:\/\/jean-cyril-school.com\/en\/wp-json\/wp\/v2\/media?parent=3"}],"curies":[{"name":"wp","href":"https:\/\/api.w.org\/{rel}","templated":true}]}}