{"id":52,"date":"2025-07-29T06:56:13","date_gmt":"2025-07-29T06:56:13","guid":{"rendered":"http:\/\/jean-cyril-school.com\/?page_id=52"},"modified":"2025-11-25T17:29:45","modified_gmt":"2025-11-25T17:29:45","slug":"notre-projet-2","status":"publish","type":"page","link":"https:\/\/jean-cyril-school.com\/en\/notre-projet-2\/","title":{"rendered":"Support us"},"content":{"rendered":"<p>The school has been made possible by numerous donors and volunteers who believed in this project and continue to keep it going. Without their support, nothing would have been possible; they are thanked by the children's smiles, but above all by their progress and achievements. The students express their deep gratitude, as they are very aware of all that they have been given.<\/p>\n\n\n\n<p>You can join them by making donations or by sharing your skills with students and teachers. It is thanks to this human capital that we can carry out our work on the ground.<\/p>\n\n\n\n<div style=\"height:100px\" aria-hidden=\"true\" class=\"wp-block-spacer\"><\/div>\n\n\n\n<div class=\"wp-block-group alignfull has-accent-background-color has-background has-global-padding is-layout-constrained wp-container-core-group-is-layout-669513ed wp-block-group-is-layout-constrained\" style=\"margin-top:0;margin-bottom:0;padding-top:var(--wp--preset--spacing--50);padding-right:var(--wp--preset--spacing--50);padding-bottom:var(--wp--preset--spacing--50);padding-left:var(--wp--preset--spacing--50)\">\n<div class=\"wp-block-columns alignwide is-layout-flex wp-container-core-columns-is-layout-1da03c2a wp-block-columns-is-layout-flex\">\n<div class=\"wp-block-column is-vertically-aligned-stretch is-layout-flow wp-block-column-is-layout-flow\" style=\"flex-basis:50%\">\n<div class=\"wp-block-group is-vertical is-content-justification-stretch is-layout-flex wp-container-core-group-is-layout-444d5ee8 wp-block-group-is-layout-flex\" style=\"min-height:100%\">\n<p class=\"has-heading-font-family has-x-large-font-size\" style=\"line-height:1.2\"><strong><strong>Donors<\/strong><\/strong><\/p>\n\n\n\n<div class=\"wp-block-group has-global-padding is-content-justification-left is-layout-constrained wp-container-core-group-is-layout-9fe8ed88 wp-block-group-is-layout-constrained\">\n<p>The French team is entirely voluntary, as are the volunteers, and their travel expenses are their own responsibility. &nbsp;<\/p>\n\n\n\n<p>Donations from those who support the school go entirely to Cambodia and are used to finance teachers' salaries, school supplies, and expenses related to students' education or health.<\/p>\n\n\n\n<p>Pour les g\u00e9rer un&nbsp; Fonds de Dotation, Jean-Cyril Harmony, permet de b\u00e9n\u00e9ficier d\u2019un avantage fiscal \u00e0 hauteur de 66% pour les dons des particuliers et de 60% pour les dons des entreprises (dans la limite des plafonds fix\u00e9s par le code des imp\u00f4ts). Les comptes sont revus par un commissaire aux comptes et publi\u00e9s chaque ann\u00e9e. <\/p>\n\n\n\n<p>Les versements peuvent \u00eatre faits sur <a href=\"https:\/\/jean-cyril-school.com\/wp-content\/uploads\/2025\/11\/RIB-Jean-Cyril-Harmony.pdf\">le compte de l\u2019Association<\/a><\/p>\n\n\n\n<p class=\"wp-container-content-0733e5d0\"><\/p>\n\n\n\n<p class=\"wp-container-content-0733e5d0\"><\/p>\n\n\n\n<p><\/p>\n<\/div>\n<\/div>\n<\/div>\n\n\n\n<div class=\"wp-block-column is-layout-flow wp-block-column-is-layout-flow\"><\/div>\n\n\n\n<div class=\"wp-block-column is-vertically-aligned-center is-layout-flow wp-block-column-is-layout-flow\" style=\"flex-basis:50%\">\n<figure class=\"wp-block-image size-full is-style-rounded is-style-rounded--1\"><img loading=\"lazy\" decoding=\"async\" width=\"1024\" height=\"768\" src=\"https:\/\/jean-cyril-school.com\/wp-content\/uploads\/2025\/11\/IMG-20191123-WA0004.jpg\" alt=\"\" class=\"wp-image-567\" style=\"aspect-ratio:4\/3;object-fit:cover\" srcset=\"https:\/\/jean-cyril-school.com\/wp-content\/uploads\/2025\/11\/IMG-20191123-WA0004.jpg 1024w, https:\/\/jean-cyril-school.com\/wp-content\/uploads\/2025\/11\/IMG-20191123-WA0004-300x225.jpg 300w, https:\/\/jean-cyril-school.com\/wp-content\/uploads\/2025\/11\/IMG-20191123-WA0004-768x576.jpg 768w\" sizes=\"auto, (max-width: 1024px) 100vw, 1024px\" \/><\/figure>\n<\/div>\n<\/div>\n<\/div>\n\n\n\n<div class=\"wp-block-group alignfull has-base-background-color has-background has-global-padding is-layout-constrained wp-container-core-group-is-layout-d89aad35 wp-block-group-is-layout-constrained\" style=\"margin-top:0;margin-bottom:0;padding-top:var(--wp--preset--spacing--50);padding-right:var(--wp--preset--spacing--50);padding-bottom:var(--wp--preset--spacing--50);padding-left:var(--wp--preset--spacing--50)\">\n<div class=\"wp-block-columns alignwide is-layout-flex wp-container-core-columns-is-layout-549b0c86 wp-block-columns-is-layout-flex\">\n<div class=\"wp-block-column has-global-padding is-content-justification-left is-layout-constrained wp-container-core-column-is-layout-4f15e8fe wp-block-column-is-layout-constrained\" style=\"flex-basis:40%\">\n<div class=\"wp-block-columns is-layout-flex wp-container-core-columns-is-layout-28f84493 wp-block-columns-is-layout-flex\">\n<div class=\"wp-block-column is-layout-flow wp-block-column-is-layout-flow\" style=\"flex-basis:100%\"><\/div>\n<\/div>\n\n\n\n<p><\/p>\n\n\n\n<p>Volunteers play a valuable role because by sharing their knowledge, they help the Cambodian team to better train young people and prepare them for a rapidly changing world.<\/p>\n\n\n\n<p>The volunteers on site value their <strong>experience<\/strong> and their <strong>know-how<\/strong> by participating in field missions, teaching, activities or awareness-raising actions.<\/p>\n\n\n\n<p>Everyone who came to the school left their mark and left moved by the gratitude shown to them by the students.<\/p>\n\n\n\n<p>It is thanks to this human capital that we can carry out our actions on the ground.<\/p>\n\n\n\n<p><\/p>\n\n\n\n<p><\/p>\n<\/div>\n\n\n\n<div class=\"wp-block-column is-vertically-aligned-center is-layout-flow wp-container-core-column-is-layout-119bc444 wp-block-column-is-layout-flow\" style=\"flex-basis:60%\">\n<p class=\"has-heading-font-family has-x-large-font-size\" style=\"line-height:1.2\">Volunteers from diverse backgrounds, united by solidarity<\/p>\n\n\n\n<div class=\"wp-block-columns is-layout-flex wp-container-core-columns-is-layout-87beb0d0 wp-block-columns-is-layout-flex\">\n<div class=\"wp-block-column is-layout-flow wp-block-column-is-layout-flow\">\n<p class=\"wp-container-content-9cfa9a5a\"><\/p>\n\n\n\n<figure class=\"wp-block-image size-large is-resized is-style-rounded is-style-rounded--2\"><img loading=\"lazy\" decoding=\"async\" width=\"1024\" height=\"742\" src=\"http:\/\/jean-cyril-school.com\/wp-content\/uploads\/2025\/07\/benevoles2-1024x742.png\" alt=\"\" class=\"wp-image-250\" style=\"aspect-ratio:1.3333333333333333;object-fit:cover;width:545px;height:auto\" srcset=\"https:\/\/jean-cyril-school.com\/wp-content\/uploads\/2025\/07\/benevoles2-1024x742.png 1024w, https:\/\/jean-cyril-school.com\/wp-content\/uploads\/2025\/07\/benevoles2-300x217.png 300w, https:\/\/jean-cyril-school.com\/wp-content\/uploads\/2025\/07\/benevoles2-768x557.png 768w, https:\/\/jean-cyril-school.com\/wp-content\/uploads\/2025\/07\/benevoles2-1536x1114.png 1536w, https:\/\/jean-cyril-school.com\/wp-content\/uploads\/2025\/07\/benevoles2-2048x1485.png 2048w, https:\/\/jean-cyril-school.com\/wp-content\/uploads\/2025\/07\/benevoles2-1320x957.png 1320w\" sizes=\"auto, (max-width: 1024px) 100vw, 1024px\" \/><\/figure>\n\n\n\n<p class=\"wp-container-content-9cfa9a5a\"><\/p>\n<\/div>\n<\/div>\n<\/div>\n<\/div>\n<\/div>\n\n\n\n<div class=\"wp-block-group alignfull has-global-padding is-layout-constrained wp-container-core-group-is-layout-669513ed wp-block-group-is-layout-constrained\" style=\"margin-top:0;margin-bottom:0;padding-top:var(--wp--preset--spacing--50);padding-right:var(--wp--preset--spacing--50);padding-bottom:var(--wp--preset--spacing--50);padding-left:var(--wp--preset--spacing--50)\">\n<div class=\"wp-block-group is-vertical is-content-justification-center is-layout-flex wp-container-core-group-is-layout-838cd1cc wp-block-group-is-layout-flex\" style=\"padding-top:var(--wp--preset--spacing--40);padding-bottom:var(--wp--preset--spacing--50)\"><div class=\"is-default-size wp-block-site-logo\"><a href=\"https:\/\/jean-cyril-school.com\/en\/\" class=\"custom-logo-link\" rel=\"home\"><img loading=\"lazy\" decoding=\"async\" width=\"1275\" height=\"1482\" src=\"https:\/\/jean-cyril-school.com\/wp-content\/uploads\/2025\/07\/Logo-jean-cyril-school.png\" class=\"custom-logo\" alt=\"Logo jean-cyril school\" srcset=\"https:\/\/jean-cyril-school.com\/wp-content\/uploads\/2025\/07\/Logo-jean-cyril-school.png 1275w, https:\/\/jean-cyril-school.com\/wp-content\/uploads\/2025\/07\/Logo-jean-cyril-school-258x300.png 258w, https:\/\/jean-cyril-school.com\/wp-content\/uploads\/2025\/07\/Logo-jean-cyril-school-881x1024.png 881w, https:\/\/jean-cyril-school.com\/wp-content\/uploads\/2025\/07\/Logo-jean-cyril-school-768x893.png 768w\" sizes=\"auto, (max-width: 1275px) 100vw, 1275px\" \/><\/a><\/div>\n\n\n<p class=\"has-text-align-center has-secondary-color has-text-color has-link-color has-small-font-size wp-elements-17f685f7c5ac1d76d2b8e24cdb5b8451\"><\/p>\n<\/div>\n<\/div>\n\n\n\n<div class=\"wp-block-group alignfull has-global-padding is-layout-constrained wp-container-core-group-is-layout-d89aad35 wp-block-group-is-layout-constrained\" style=\"margin-top:0;margin-bottom:0;padding-top:var(--wp--preset--spacing--50);padding-right:var(--wp--preset--spacing--50);padding-bottom:var(--wp--preset--spacing--50);padding-left:var(--wp--preset--spacing--50)\">\n<div class=\"wp-block-columns alignwide is-layout-flex wp-container-core-columns-is-layout-47c06fe3 wp-block-columns-is-layout-flex\">\n<div class=\"wp-block-column is-layout-flow wp-block-column-is-layout-flow\" style=\"flex-basis:50%\"><\/div>\n<\/div>\n<\/div>","protected":false},"excerpt":{"rendered":"<p>L\u2019\u00e9cole a \u00e9t\u00e9 port\u00e9e par de nombreux donateurs et volontaires qui ont cru \u00e0 ce projet et continuent \u00e0 le faire vivre. Sans leur soutien rien n\u2019aurait \u00e9t\u00e9 possible, qu\u2019ils soient remerci\u00e9s par les sourires des enfants mais surtout par leurs progr\u00e8s et r\u00e9ussites. Les \u00e9l\u00e8ves t\u00e9moignent beaucoup de reconnaissance car ils sont tr\u00e8s conscients [&hellip;]<\/p>","protected":false},"author":1,"featured_media":0,"parent":0,"menu_order":0,"comment_status":"closed","ping_status":"closed","template":"","meta":{"footnotes":""},"class_list":["post-52","page","type-page","status-publish","hentry"],"_links":{"self":[{"href":"https:\/\/jean-cyril-school.com\/en\/wp-json\/wp\/v2\/pages\/52","targetHints":{"allow":["GET"]}}],"collection":[{"href":"https:\/\/jean-cyril-school.com\/en\/wp-json\/wp\/v2\/pages"}],"about":[{"href":"https:\/\/jean-cyril-school.com\/en\/wp-json\/wp\/v2\/types\/page"}],"author":[{"embeddable":true,"href":"https:\/\/jean-cyril-school.com\/en\/wp-json\/wp\/v2\/users\/1"}],"replies":[{"embeddable":true,"href":"https:\/\/jean-cyril-school.com\/en\/wp-json\/wp\/v2\/comments?post=52"}],"version-history":[{"count":84,"href":"https:\/\/jean-cyril-school.com\/en\/wp-json\/wp\/v2\/pages\/52\/revisions"}],"predecessor-version":[{"id":769,"href":"https:\/\/jean-cyril-school.com\/en\/wp-json\/wp\/v2\/pages\/52\/revisions\/769"}],"wp:attachment":[{"href":"https:\/\/jean-cyril-school.com\/en\/wp-json\/wp\/v2\/media?parent=52"}],"curies":[{"name":"wp","href":"https:\/\/api.w.org\/{rel}","templated":true}]}}